{"id":15,"date":"2019-02-23T21:06:09","date_gmt":"2019-02-23T20:06:09","guid":{"rendered":"http:\/\/ekb-rentemeister.de\/?page_id=15"},"modified":"2019-05-21T16:46:13","modified_gmt":"2019-05-21T15:46:13","slug":"leistungen","status":"publish","type":"page","link":"https:\/\/ekb-rentemeister.de\/","title":{"rendered":"LEISTUNGEN"},"content":{"rendered":"\n<p>Die angebotenen Leistungen sind f\u00fcr SIE komplett <strong>kostenlos<\/strong> &#8211; aber dennoch nicht umsonst. Denn gem\u00e4\u00df meines Mottos \u201eVergleich macht reich&#8230;\u201c, decke ich <strong>unverbindlich<\/strong> Ihre Einsparm\u00f6glichkeiten auf&#8230;<br><\/p>\n\n\n\n<ul class=\"wp-block-list\"><li>Beratung und Information von Privat- und Gewerbekunden (Umzug, Anbieterwechsel, \u00d6ko-Strom, Sonderk\u00fcndigungsrecht bei Preiserh\u00f6hungen, etc.)<\/li><li>Ermittlung von preisg\u00fcnstigen Strom- und Gastarifen f\u00fcr Ihre Verbrauchsstellen (anhand der letzten Verbrauchsabrechnung\/en)  <\/li><li>individuelle Analyse und Angebotserstellung unter Ber\u00fccksichtigung Ihrer W\u00fcnsche<\/li><li>Einleitung und Durchf\u00fchrung von Anbieterwechsel<\/li><li>Begleitung von Wechselprozessen<\/li><\/ul>\n\n\n\n<p><strong>Sie k\u00f6nnen nur gewinnen!<\/strong> Entweder Sie sparen zuk\u00fcnftig bares Geld durch einen Versorgerwechsel, oder aber Sie haben die Gewissheit bereits bestens aufgestellt zu sein&#8230;.<\/p>\n\n\n\n<p>So oder so &#8211; die unverbindliche Beratung ist in jedem Fall f\u00fcr Sie <strong>kostenfrei<\/strong>!<\/p>\n","protected":false},"excerpt":{"rendered":"<p>Die angebotenen Leistungen sind f\u00fcr SIE komplett kostenlos &#8211; aber dennoch nicht umsonst. Denn gem\u00e4\u00df meines Mottos \u201eVergleich macht reich&#8230;\u201c, decke ich unverbindlich Ihre Einsparm\u00f6glichkeiten auf&#8230; Beratung und Information von Privat- und Gewerbekunden (Umzug, Anbieterwechsel, \u00d6ko-Strom, Sonderk\u00fcndigungsrecht bei Preiserh\u00f6hungen, etc.) Ermittlung von preisg\u00fcnstigen Strom- und Gastarifen f\u00fcr Ihre Verbrauchsstellen (anhand der letzten Verbrauchsabrechnung\/en) individuelle Analyse [&hellip;]<\/p>\n","protected":false},"author":1,"featured_media":0,"parent":0,"menu_order":0,"comment_status":"closed","ping_status":"closed","template":"","meta":{"footnotes":""},"class_list":["post-15","page","type-page","status-publish","hentry"],"_links":{"self":[{"href":"https:\/\/ekb-rentemeister.de\/index.php?rest_route=\/wp\/v2\/pages\/15","targetHints":{"allow":["GET"]}}],"collection":[{"href":"https:\/\/ekb-rentemeister.de\/index.php?rest_route=\/wp\/v2\/pages"}],"about":[{"href":"https:\/\/ekb-rentemeister.de\/index.php?rest_route=\/wp\/v2\/types\/page"}],"author":[{"embeddable":true,"href":"https:\/\/ekb-rentemeister.de\/index.php?rest_route=\/wp\/v2\/users\/1"}],"replies":[{"embeddable":true,"href":"https:\/\/ekb-rentemeister.de\/index.php?rest_route=%2Fwp%2Fv2%2Fcomments&post=15"}],"version-history":[{"count":12,"href":"https:\/\/ekb-rentemeister.de\/index.php?rest_route=\/wp\/v2\/pages\/15\/revisions"}],"predecessor-version":[{"id":123,"href":"https:\/\/ekb-rentemeister.de\/index.php?rest_route=\/wp\/v2\/pages\/15\/revisions\/123"}],"wp:attachment":[{"href":"https:\/\/ekb-rentemeister.de\/index.php?rest_route=%2Fwp%2Fv2%2Fmedia&parent=15"}],"curies":[{"name":"wp","href":"https:\/\/api.w.org\/{rel}","templated":true}]}}