{"id":114,"date":"2019-05-21T16:39:00","date_gmt":"2019-05-21T15:39:00","guid":{"rendered":"http:\/\/ekb-rentemeister.de\/?page_id=114"},"modified":"2019-05-21T16:53:49","modified_gmt":"2019-05-21T15:53:49","slug":"ablauf","status":"publish","type":"page","link":"https:\/\/ekb-rentemeister.de\/?page_id=114","title":{"rendered":"ABLAUF"},"content":{"rendered":"\n<p><strong>Noch nie war es so einfach Geld zu sparen&#8230; Jetzt ganz einfach Strom- oder Gastarif wechseln!<\/strong><\/p>\n\n\n\n<p>Machen Sie sich keine Sorgen! Die Angst vor einem Anbieterwechsel ist unbegr\u00fcndet&#8230; Die Versorgung ist gesetzlich  (EnWG, StromGVV, GasGVV) geregelt und sichergestellt.<br><strong><br>Im Dunkeln oder Kalten sitzt hierzulande niemand! <\/strong><\/p>\n\n\n\n<p><\/p>\n\n\n\n<p>F\u00fcr die Analyse und Erstellung eines Vergleichsangebotes wird lediglich die letzte Jahresrechnung Ihres Versorgers ben\u00f6tigt. Daraus sollten sich bereits die wichtigsten Daten entnehmen lassen! Bei einer erhaltenen Mitteilung zu einer Preiserh\u00f6hung durch den Versorger, w\u00e4re diese ebefalls erforderlich&#8230;<br><em><br>Schritt 1<\/em><br>Sie kontaktieren mich und wir besprechen das weitere Vorgehen und Ihre W\u00fcnsche (z.B. \u00d6ko-Strom, Preisgarantie, etc). Gerne k\u00f6nnen Sie Ihre Unterlagen danach schnell und digital als Scan oder Foto (per Mail, Fax, WhatsApp) an mich \u00fcbermitteln. Falls gew\u00fcnscht, k\u00f6nnen wir aber auch einen gemeinsamen Termin f\u00fcr ein pers\u00f6nliches Gespr\u00e4ch bei Ihnen vereinbaren.<\/p>\n\n\n\n<p><\/p>\n\n\n\n<p><em>Schritt 2<\/em><br>Anhand der zur Verf\u00fcgung gestellten Unterlagen analysiere ich Ihren Verbrauch und ermittle Ihr pers\u00f6nliches Einsparpotential unter Ber\u00fccksichtigung Ihrer W\u00fcnsche. Gerne lasse ich Ihnen dann im Anschluss ein auf Sie zugeschnittenes Vergleichsangebot zukommen&#8230;<\/p>\n\n\n\n<p><\/p>\n\n\n\n<p><em>Schritt 3<\/em><br>Wenn Ihnen das Angebot zusagt und Sie bereit sind Geld zu sparen oder etwas Gutes f\u00fcr die Umwelt zu tun (\u00d6ko-Strom), bereite ich die Unterlagen f\u00fcr Ihren Anbieterwechsel vor. Sie brauchen sich um nichts zu k\u00fcmmern&#8230;<\/p>\n\n\n\n<p><\/p>\n\n\n\n<p><em>Schritt 4<\/em><br>Nun fehlt nur noch Ihr Autogramm! Die Unterlagen sind vorbereitet und warten darauf, abschlie\u00dfend von Ihnen unterschrieben zu werden&#8230; Der Anbieterwechsel wird direkt mit Ihrer Unterschrift eingeleitet!<\/p>\n\n\n\n<p>Ihnen entstehen keine Kosten und Sie brauchen sich um nichts zu k\u00fcmmern. <strong>GARANTIERT <\/strong>100% fair und kostenlos&#8230;<\/p>\n","protected":false},"excerpt":{"rendered":"<p>Noch nie war es so einfach Geld zu sparen&#8230; Jetzt ganz einfach Strom- oder Gastarif wechseln! Machen Sie sich keine Sorgen! Die Angst vor einem Anbieterwechsel ist unbegr\u00fcndet&#8230; Die Versorgung ist gesetzlich (EnWG, StromGVV, GasGVV) geregelt und sichergestellt.Im Dunkeln oder Kalten sitzt hierzulande niemand! F\u00fcr die Analyse und Erstellung eines Vergleichsangebotes wird lediglich die letzte [&hellip;]<\/p>\n","protected":false},"author":1,"featured_media":0,"parent":0,"menu_order":0,"comment_status":"closed","ping_status":"closed","template":"","meta":{"footnotes":""},"class_list":["post-114","page","type-page","status-publish","hentry"],"_links":{"self":[{"href":"https:\/\/ekb-rentemeister.de\/index.php?rest_route=\/wp\/v2\/pages\/114","targetHints":{"allow":["GET"]}}],"collection":[{"href":"https:\/\/ekb-rentemeister.de\/index.php?rest_route=\/wp\/v2\/pages"}],"about":[{"href":"https:\/\/ekb-rentemeister.de\/index.php?rest_route=\/wp\/v2\/types\/page"}],"author":[{"embeddable":true,"href":"https:\/\/ekb-rentemeister.de\/index.php?rest_route=\/wp\/v2\/users\/1"}],"replies":[{"embeddable":true,"href":"https:\/\/ekb-rentemeister.de\/index.php?rest_route=%2Fwp%2Fv2%2Fcomments&post=114"}],"version-history":[{"count":12,"href":"https:\/\/ekb-rentemeister.de\/index.php?rest_route=\/wp\/v2\/pages\/114\/revisions"}],"predecessor-version":[{"id":131,"href":"https:\/\/ekb-rentemeister.de\/index.php?rest_route=\/wp\/v2\/pages\/114\/revisions\/131"}],"wp:attachment":[{"href":"https:\/\/ekb-rentemeister.de\/index.php?rest_route=%2Fwp%2Fv2%2Fmedia&parent=114"}],"curies":[{"name":"wp","href":"https:\/\/api.w.org\/{rel}","templated":true}]}}